{"id":10538,"date":"2025-03-28T12:18:05","date_gmt":"2025-03-28T11:18:05","guid":{"rendered":"https:\/\/staging.knillgruppe.com\/glasfaseranlagen\/"},"modified":"2025-06-30T11:36:45","modified_gmt":"2025-06-30T09:36:45","slug":"optical-fiber","status":"publish","type":"page","link":"https:\/\/staging.knillgruppe.com\/en\/technology-2\/optical-fiber\/","title":{"rendered":"Optical Fiber"},"content":{"rendered":"\n<div class=\"trnc-headline-text-block full py-10 red\"\n     style=\"\" >\n    <div class=\"base-grid mx-auto\">\n        <div class=\"block lg:flex flex-row gap-4\">\n            <div class=\"w-full lg:w-1\/2 flex\">\n                <h2 class=\"!text-xl lg:!text-3xl !font-bold uppercase red\">\n                Optical<br \/>\r\nFiber                <\/h2>\n        <\/div>\n            <div class=\"w-full lg:w-1\/2 flex\">\n                <div class=\"!text-large text-left leading-tight\">\n                    <p>Nextrom is the leading global supplier of production technologies for opitcal fibers and fiber optic cables<\/p>\n                                    <\/div>\n            <\/div>\n        <\/div>\n    <\/div>\n<\/div>\n\n\n\n<div  class=\"trnc-spacer full bg-white\"\n     style=\"height: 32px;\">\n<\/div>\n\n<style>\n    @media (max-width: 768px) {\n        .trnc-spacer {\n            height: 16px !important;\n        }\n    }\n<\/style>\n\n\n\n<p><\/p>\n\n\n\n<h2 class=\"wp-block-heading\">From fiber to cable<\/h2>\n\n\n\n<p>Nextrom has been focusing on fiber optics for almost half a century. Its core competencies include manufacturing solutions for the production of optical glass, drawing glass fibers for telecommunications and special applications, coating fibers, manufacturing ribbons, proof testing, and producing fiber optic cables. With thousands of successful projects under our belt, we are a strong and reliable partner for your production needs.<\/p>\n\n\n\n<p><\/p>\n\n\n\n        <div class=\"trnc-teaser full py-6 lg:py-12 bg-light \">\n        <div class=\"base-grid mx-auto\">\n                            <h3 class=\"text-3xl relative !font-bold uppercase mb-4 red\">\n                    Our solutions                <\/h3>\n            \n            <div class=\"grid grid-cols-1 sm:grid-cols-2 lg:grid-cols-3 gap-6\">\n                \n                \n                \n                    <div class=\"relative overflow-hidden group flex flex-col   h-full\" >\n\n                                                                                    <div class=\"absolute sm:opacity-0 bg-cover sm:transition-all sm:group-hover:opacity-100 sm:group-hover:scale-110 duration-200 top-0 bottom-0 left-0 right-0 bg-center z-0\"\n                                    style=\"background-image: url(https:\/\/staging.knillgruppe.com\/wp-content\/uploads\/2025\/04\/Teaserbild-Fiber-Draw.jpg); background-repeat: no-repeat\">\n                                <\/div>\n                                                    \n                        <div class=\"absolute opacity-50 sm:opacity-0 sm:transition-opacity sm:group-hover:opacity-50 duration-200 h-full w-full bg-black z-10\"><\/div>\n                        <div class=\"p-3 flex flex-col justify-between z-20 relative w-full h-full\">\n                            <div class=\"flex flex-col gap-4\">\n                                                                    <div class=\"relative h-auto\">\n                                                                                    <div class=\"flex gap-4 group-hover:hidden transition-opacity duration-200\">\n                                                                                                    <img decoding=\"async\" loading=\"lazy\" src=\"https:\/\/staging.knillgruppe.com\/wp-content\/uploads\/2025\/04\/Unternehmenspiktogramme_KG-Website_4C_85x83mm_Nextrom.png\" alt=\"\" class=\"h-[40px] w-auto\" \/>\n                                                                                            <\/div>\n                                        \n                                                                                    <div class=\"flex gap-4 hidden group-hover:flex transition-opacity duration-200\">\n                                                                                                    <img decoding=\"async\" loading=\"lazy\" src=\"https:\/\/staging.knillgruppe.com\/wp-content\/uploads\/2025\/05\/Unternehmenspiktogramm_Nextrom_weiss.png\" alt=\"\" class=\"h-[40px] w-auto\" \/>\n                                                                                            <\/div>\n                                                                            <\/div>\n                                \n                                <div class=\"flex gap-2 flex-col\">\n                                    \n                                    <div class=\"title-line--teaser red leading-none font-medium text-lg  text-white teaser-text group-hover:!text-white transition-colors duration-200\">\n                                        Telecom Preform &#038; Fiber                                    <\/div>\n                                <\/div>\n\n                                <div class=\"hidden sm:block text-white teaser-text font-normal leading-none group-hover:!text-white transition-colors duration-200 mb-4 text-normal leading-tight\">\n                                    Technologies for manufacturing preforms for telecommunications and special applications                                <\/div>\n                            <\/div>\n\n                            \n                                                    <\/div>\n\n                    <\/div>\n                \n                    <div class=\"relative overflow-hidden group flex flex-col border-red  h-full\" >\n\n                                                                                    <div class=\"absolute sm:opacity-0 bg-cover sm:transition-all sm:group-hover:opacity-100 sm:group-hover:scale-110 duration-200 top-0 bottom-0 left-0 right-0 bg-center z-0\"\n                                    style=\"background-image: url(https:\/\/staging.knillgruppe.com\/wp-content\/uploads\/2025\/04\/Anlagen-fuer-Glasfasern.jpg); background-repeat: no-repeat\">\n                                <\/div>\n                                                    \n                        <div class=\"absolute opacity-50 sm:opacity-0 sm:transition-opacity sm:group-hover:opacity-50 duration-200 h-full w-full bg-black z-10\"><\/div>\n                        <div class=\"p-3 flex flex-col justify-between z-20 relative w-full h-full\">\n                            <div class=\"flex flex-col gap-4\">\n                                                                    <div class=\"relative h-auto\">\n                                                                                    <div class=\"flex gap-4 group-hover:hidden transition-opacity duration-200\">\n                                                                                                    <img decoding=\"async\" loading=\"lazy\" src=\"https:\/\/staging.knillgruppe.com\/wp-content\/uploads\/2025\/04\/Unternehmenspiktogramme_KG-Website_4C_85x83mm_Nextrom.png\" alt=\"\" class=\"h-[40px] w-auto\" \/>\n                                                                                            <\/div>\n                                        \n                                                                                    <div class=\"flex gap-4 hidden group-hover:flex transition-opacity duration-200\">\n                                                                                                    <img decoding=\"async\" loading=\"lazy\" src=\"https:\/\/staging.knillgruppe.com\/wp-content\/uploads\/2025\/05\/Unternehmenspiktogramm_Nextrom_weiss.png\" alt=\"\" class=\"h-[40px] w-auto\" \/>\n                                                                                            <\/div>\n                                                                            <\/div>\n                                \n                                <div class=\"flex gap-2 flex-col\">\n                                    \n                                    <div class=\"title-line--teaser red leading-none font-medium text-lg  text-white teaser-text group-hover:!text-white transition-colors duration-200\">\n                                        Specialty Preform &#038; Fiber                                    <\/div>\n                                <\/div>\n\n                                <div class=\"hidden sm:block text-white teaser-text font-normal leading-none group-hover:!text-white transition-colors duration-200 mb-4 text-normal leading-tight\">\n                                    Technologies for manufacturing glass fibers for telecommunications and special applications                                <\/div>\n                            <\/div>\n\n                            \n                                                    <\/div>\n\n                    <\/div>\n                \n                    <div class=\"relative overflow-hidden group flex flex-col border-red  h-full\" >\n\n                                                                                    <div class=\"absolute sm:opacity-0 bg-cover sm:transition-all sm:group-hover:opacity-100 sm:group-hover:scale-110 duration-200 top-0 bottom-0 left-0 right-0 bg-center z-0\"\n                                    style=\"background-image: url(https:\/\/staging.knillgruppe.com\/wp-content\/uploads\/2025\/05\/Glasfaserkabel_Nextrom.jpg); background-repeat: no-repeat\">\n                                <\/div>\n                                                    \n                        <div class=\"absolute opacity-50 sm:opacity-0 sm:transition-opacity sm:group-hover:opacity-50 duration-200 h-full w-full bg-black z-10\"><\/div>\n                        <div class=\"p-3 flex flex-col justify-between z-20 relative w-full h-full\">\n                            <div class=\"flex flex-col gap-4\">\n                                                                    <div class=\"relative h-auto\">\n                                                                                    <div class=\"flex gap-4 group-hover:hidden transition-opacity duration-200\">\n                                                                                                    <img decoding=\"async\" loading=\"lazy\" src=\"https:\/\/staging.knillgruppe.com\/wp-content\/uploads\/2025\/04\/Unternehmenspiktogramme_KG-Website_4C_85x83mm_Nextrom.png\" alt=\"\" class=\"h-[40px] w-auto\" \/>\n                                                                                            <\/div>\n                                        \n                                                                                    <div class=\"flex gap-4 hidden group-hover:flex transition-opacity duration-200\">\n                                                                                                    <img decoding=\"async\" loading=\"lazy\" src=\"https:\/\/staging.knillgruppe.com\/wp-content\/uploads\/2025\/05\/Unternehmenspiktogramm_Nextrom_weiss.png\" alt=\"\" class=\"h-[40px] w-auto\" \/>\n                                                                                            <\/div>\n                                                                            <\/div>\n                                \n                                <div class=\"flex gap-2 flex-col\">\n                                    \n                                    <div class=\"title-line--teaser red leading-none font-medium text-lg  text-white teaser-text group-hover:!text-white transition-colors duration-200\">\n                                        Fiber optic cable                                     <\/div>\n                                <\/div>\n\n                                <div class=\"hidden sm:block text-white teaser-text font-normal leading-none group-hover:!text-white transition-colors duration-200 mb-4 text-normal leading-tight\">\n                                    Technologies for manufacturing fiber optic cables                                <\/div>\n                            <\/div>\n\n                            \n                                                    <\/div>\n\n                    <\/div>\n                \n                            <\/div>\n        <\/div>\n    <\/div>\n\n\n \n <div class=\"trnc-hero-banner-block full h-[auto] md:h-[650px] xl:h-[700px] 2xl:h-[750px] flex flex-col md:flex-row relative\" >\n    <div class=\"w-full block md:hidden\">\n        <img decoding=\"async\" loading=\"lazy\" src=\"https:\/\/staging.knillgruppe.com\/wp-content\/uploads\/2025\/04\/Teaserbild-Fiber-Draw.jpg\" alt=\"\" class=\"w-full h-auto object-cover\" \/>\n    <\/div>\n\n    <div class=\"hidden md:flex w-full md:w-[50%] h-full relative bg-cover bg-center items-center justify-center p-6\"\n        style=\"background-image: url('https:\/\/staging.knillgruppe.com\/wp-content\/uploads\/2025\/04\/Teaserbild-Fiber-Draw.jpg');\">\n    <\/div>\n\n    <div class=\"w-full md:w-[50%] h-full flex items-center justify-start bg-light p-4 pb-12 md:p-12\">\n        <div class=\"text-left relative max-w-xl\">\n                            <h1 class=\"text-3xl relative !font-bold uppercase mb-6 pl-4  red headline-red\">\n                    Telecom Preform &amp; Fiber <br><br>\n                <\/h1>\n            \n                            <p class=\"md:text-p-large leading-tight red headline-red\">\n                    Nextrom offers all the necessary steps for manufacturing high-quality optical preforms. Achieve optimal results in drawing and in the quality of optical fibers.                 <\/p>\n            \n                                    <div class=\"mt-6\">\n                    <a href=\"https:\/\/rosendahlnextrom.com\/fiber\/products\/telecom-preform-fiber\/\" target=\"_blank\"\n                        class=\"text-regular button--hero red  inverted\">\n                        Read More                    <\/a>\n                    <\/div>\n                    <\/div>\n    <\/div>\n<\/div>\n\n\n\n<p><\/p>\n\n\n\n<h2 class=\"wp-block-heading has-secondary-color has-text-color has-link-color wp-elements-6a8e91741c1256179bf046d62892c2eb\">High-quality optical preforms<\/h2>\n\n\n\n<p>Our systems use high-purity optical preforms to produce telecom and specialty fibers. Nextrom offers all process steps required for the manufacture of first-class optical fibers.<\/p>\n\n\n\n<p><\/p>\n\n\n \n <div class=\"trnc-hero-banner-block full h-[auto] md:h-[650px] xl:h-[700px] 2xl:h-[750px] flex flex-col md:flex-row relative\" >\n    <div class=\"w-full block md:hidden\">\n        <img decoding=\"async\" loading=\"lazy\" src=\"https:\/\/staging.knillgruppe.com\/wp-content\/uploads\/2025\/04\/Anlagen-fuer-Glasfasern.jpg\" alt=\"\" class=\"w-full h-auto object-cover\" \/>\n    <\/div>\n\n    <div class=\"hidden md:flex w-full md:w-[50%] h-full relative bg-cover bg-center items-center justify-center p-6\"\n        style=\"background-image: url('https:\/\/staging.knillgruppe.com\/wp-content\/uploads\/2025\/04\/Anlagen-fuer-Glasfasern.jpg');\">\n    <\/div>\n\n    <div class=\"w-full md:w-[50%] h-full flex items-center justify-start bg-light p-4 pb-12 md:p-12\">\n        <div class=\"text-left relative max-w-xl\">\n                            <h1 class=\"text-3xl relative !font-bold uppercase mb-6 pl-4  red headline-red\">\n                    Specialty Preform &amp; Fiber <br><br>\n                <\/h1>\n            \n                            <p class=\"md:text-p-large leading-tight red headline-red\">\n                    High-quality components and solutions in the Nextrom Fiber Draw Tower guarantee excellent production conditions. This gives you the assurance of high-quality production combined with high reliability.<br \/>\r\n                <\/p>\n            \n                                    <div class=\"mt-6\">\n                    <a href=\"https:\/\/rosendahlnextrom.com\/fiber\/products\/specialty-fiber\/\" target=\"\"\n                        class=\"text-regular button--hero red  inverted\">\n                        Read More                    <\/a>\n                    <\/div>\n                    <\/div>\n    <\/div>\n<\/div>\n\n\n\n<p><\/p>\n\n\n\n<h2 class=\"wp-block-heading has-secondary-color has-text-color has-link-color wp-elements-04b44d5f4e987def97af926dd962757b\">Always at the top<\/h2>\n\n\n\n<p>Most of the world&#8217;s leading fiber optic manufacturers rely on Nextrom&#8217;s manufacturing solutions.<\/p>\n\n\n\n<p><\/p>\n\n\n \n <div class=\"trnc-hero-banner-block full h-[auto] md:h-[650px] xl:h-[700px] 2xl:h-[750px] flex flex-col md:flex-row relative\" >\n    <div class=\"w-full block md:hidden\">\n        <img decoding=\"async\" loading=\"lazy\" src=\"https:\/\/staging.knillgruppe.com\/wp-content\/uploads\/2025\/05\/Glasfaserkabel_Nextrom.jpg\" alt=\"\" class=\"w-full h-auto object-cover\" \/>\n    <\/div>\n\n    <div class=\"hidden md:flex w-full md:w-[50%] h-full relative bg-cover bg-center items-center justify-center p-6\"\n        style=\"background-image: url('https:\/\/staging.knillgruppe.com\/wp-content\/uploads\/2025\/05\/Glasfaserkabel_Nextrom.jpg');\">\n    <\/div>\n\n    <div class=\"w-full md:w-[50%] h-full flex items-center justify-start bg-light p-4 pb-12 md:p-12\">\n        <div class=\"text-left relative max-w-xl\">\n                            <h1 class=\"text-3xl relative !font-bold uppercase mb-6 pl-4  red headline-red\">\n                    Optical Fiber <br><br>\n                <\/h1>\n            \n                            <p class=\"md:text-p-large leading-tight red headline-red\">\n                    The one-stop shop for the efficient manufacture of high-quality fiber optic cables. Our range of machines is specially designed to meet the requirements of a wide range of products. The Rosendahl and Nextrom brands offer complete solutions for the manufacture of fiber optic cables (FOC), from the fiber to the finished cable, as well as customized solutions for the individual process steps involved in fiber optic cable production.<br \/>\r\n<br \/>\r\n                <\/p>\n            \n                                    <div class=\"mt-6\">\n                    <a href=\"https:\/\/rosendahlnextrom.com\/fiber\/products\/fiber-optic-cable\/\" target=\"\"\n                        class=\"text-regular button--hero red  inverted\">\n                        Read More                    <\/a>\n                    <\/div>\n                    <\/div>\n    <\/div>\n<\/div>\n\n\n\n<p><\/p>\n\n\n\n<h2 class=\"wp-block-heading has-secondary-color has-text-color has-link-color wp-elements-5b3aa7812e87cd6149ac2ba623c41552\">What fiber optics can count on<\/h2>\n\n\n\n<p>High production speeds, long batches, and reduced setup and downtime take productivity to a whole new level.<\/p>\n\n\n\n<p>Our efficient systems are designed for the manufacture of fiber optic cables for a wide range of indoor and outdoor applications.<\/p>\n\n\n\n<div class=\"wp-block-buttons is-layout-flex wp-block-buttons-is-layout-flex\">\n<div class=\"wp-block-button\"><a class=\"wp-block-button__link has-white-color has-secondary-background-color has-text-color has-background has-link-color wp-element-button\" href=\"https:\/\/rosendahlnextrom.com\/fiber\/\">More about Nextrom<\/a><\/div>\n<\/div>\n\n\n\n<div  class=\"trnc-spacer full bg-white\"\n     style=\"height: 32px;\">\n<\/div>\n\n<style>\n    @media (max-width: 768px) {\n        .trnc-spacer {\n            height: 16px !important;\n        }\n    }\n<\/style>\n","protected":false},"excerpt":{"rendered":"<p>From fiber to cable Nextrom has been focusing on fiber optics for almost half a century. Its core competencies include manufacturing solutions for the production of optical glass, drawing glass fibers for telecommunications and special applications, coating fibers, manufacturing ribbons, proof testing, and producing fiber optic cables. With thousands of successful projects under our belt, [&hellip;]<\/p>\n","protected":false},"author":2,"featured_media":0,"parent":10548,"menu_order":0,"comment_status":"closed","ping_status":"closed","template":"","meta":{"_acf_changed":false,"inline_featured_image":false,"footnotes":""},"class_list":["post-10538","page","type-page","status-publish","hentry"],"acf":[],"yoast_head":"<!-- This site is optimized with the Yoast SEO plugin v23.5 - https:\/\/yoast.com\/wordpress\/plugins\/seo\/ -->\n<title>Optical Fiber - Knill Group<\/title>\n<meta name=\"description\" content=\"Nextrom ist der weltweit f\u00fchrende Anbieter von Produktionsanlagen und Dienstleistungen f\u00fcr die st\u00e4ndig wachsende Glasfaserindustrie.\" \/>\n<meta name=\"robots\" content=\"noindex, follow, max-snippet:-1, max-image-preview:large, max-video-preview:-1\" \/>\n<meta property=\"og:locale\" content=\"en_US\" \/>\n<meta property=\"og:type\" content=\"article\" \/>\n<meta property=\"og:title\" content=\"Optical Fiber - Knill Group\" \/>\n<meta property=\"og:description\" content=\"Nextrom ist der weltweit f\u00fchrende Anbieter von Produktionsanlagen und Dienstleistungen f\u00fcr die st\u00e4ndig wachsende Glasfaserindustrie.\" \/>\n<meta property=\"og:url\" content=\"https:\/\/staging.knillgruppe.com\/en\/technology-2\/optical-fiber\/\" \/>\n<meta property=\"og:site_name\" content=\"Knill Group\" \/>\n<meta property=\"article:modified_time\" content=\"2025-06-30T09:36:45+00:00\" \/>\n<meta name=\"twitter:card\" content=\"summary_large_image\" \/>\n<meta name=\"twitter:label1\" content=\"Est. reading time\" \/>\n\t<meta name=\"twitter:data1\" content=\"1 minute\" \/>\n<script type=\"application\/ld+json\" class=\"yoast-schema-graph\">{\"@context\":\"https:\/\/schema.org\",\"@graph\":[{\"@type\":\"WebPage\",\"@id\":\"https:\/\/staging.knillgruppe.com\/en\/technology-2\/optical-fiber\/\",\"url\":\"https:\/\/staging.knillgruppe.com\/en\/technology-2\/optical-fiber\/\",\"name\":\"Optical Fiber - Knill Group\",\"isPartOf\":{\"@id\":\"https:\/\/staging.knillgruppe.com\/#website\"},\"datePublished\":\"2025-03-28T11:18:05+00:00\",\"dateModified\":\"2025-06-30T09:36:45+00:00\",\"description\":\"Nextrom ist der weltweit f\u00fchrende Anbieter von Produktionsanlagen und Dienstleistungen f\u00fcr die st\u00e4ndig wachsende Glasfaserindustrie.\",\"breadcrumb\":{\"@id\":\"https:\/\/staging.knillgruppe.com\/en\/technology-2\/optical-fiber\/#breadcrumb\"},\"inLanguage\":\"en-US\",\"potentialAction\":[{\"@type\":\"ReadAction\",\"target\":[\"https:\/\/staging.knillgruppe.com\/en\/technology-2\/optical-fiber\/\"]}]},{\"@type\":\"BreadcrumbList\",\"@id\":\"https:\/\/staging.knillgruppe.com\/en\/technology-2\/optical-fiber\/#breadcrumb\",\"itemListElement\":[{\"@type\":\"ListItem\",\"position\":1,\"name\":\"Home\",\"item\":\"https:\/\/staging.knillgruppe.com\/en\/\"},{\"@type\":\"ListItem\",\"position\":2,\"name\":\"Technology\",\"item\":\"https:\/\/staging.knillgruppe.com\/en\/technology-2\/\"},{\"@type\":\"ListItem\",\"position\":3,\"name\":\"Optical Fiber\"}]},{\"@type\":\"WebSite\",\"@id\":\"https:\/\/staging.knillgruppe.com\/#website\",\"url\":\"https:\/\/staging.knillgruppe.com\/\",\"name\":\"Knill Group\",\"description\":\"\",\"potentialAction\":[{\"@type\":\"SearchAction\",\"target\":{\"@type\":\"EntryPoint\",\"urlTemplate\":\"https:\/\/staging.knillgruppe.com\/?s={search_term_string}\"},\"query-input\":{\"@type\":\"PropertyValueSpecification\",\"valueRequired\":true,\"valueName\":\"search_term_string\"}}],\"inLanguage\":\"en-US\"}]}<\/script>\n<!-- \/ Yoast SEO plugin. -->","yoast_head_json":{"title":"Optical Fiber - Knill Group","description":"Nextrom ist der weltweit f\u00fchrende Anbieter von Produktionsanlagen und Dienstleistungen f\u00fcr die st\u00e4ndig wachsende Glasfaserindustrie.","robots":{"index":"noindex","follow":"follow","max-snippet":"max-snippet:-1","max-image-preview":"max-image-preview:large","max-video-preview":"max-video-preview:-1"},"og_locale":"en_US","og_type":"article","og_title":"Optical Fiber - Knill Group","og_description":"Nextrom ist der weltweit f\u00fchrende Anbieter von Produktionsanlagen und Dienstleistungen f\u00fcr die st\u00e4ndig wachsende Glasfaserindustrie.","og_url":"https:\/\/staging.knillgruppe.com\/en\/technology-2\/optical-fiber\/","og_site_name":"Knill Group","article_modified_time":"2025-06-30T09:36:45+00:00","twitter_card":"summary_large_image","twitter_misc":{"Est. reading time":"1 minute"},"schema":{"@context":"https:\/\/schema.org","@graph":[{"@type":"WebPage","@id":"https:\/\/staging.knillgruppe.com\/en\/technology-2\/optical-fiber\/","url":"https:\/\/staging.knillgruppe.com\/en\/technology-2\/optical-fiber\/","name":"Optical Fiber - Knill Group","isPartOf":{"@id":"https:\/\/staging.knillgruppe.com\/#website"},"datePublished":"2025-03-28T11:18:05+00:00","dateModified":"2025-06-30T09:36:45+00:00","description":"Nextrom ist der weltweit f\u00fchrende Anbieter von Produktionsanlagen und Dienstleistungen f\u00fcr die st\u00e4ndig wachsende Glasfaserindustrie.","breadcrumb":{"@id":"https:\/\/staging.knillgruppe.com\/en\/technology-2\/optical-fiber\/#breadcrumb"},"inLanguage":"en-US","potentialAction":[{"@type":"ReadAction","target":["https:\/\/staging.knillgruppe.com\/en\/technology-2\/optical-fiber\/"]}]},{"@type":"BreadcrumbList","@id":"https:\/\/staging.knillgruppe.com\/en\/technology-2\/optical-fiber\/#breadcrumb","itemListElement":[{"@type":"ListItem","position":1,"name":"Home","item":"https:\/\/staging.knillgruppe.com\/en\/"},{"@type":"ListItem","position":2,"name":"Technology","item":"https:\/\/staging.knillgruppe.com\/en\/technology-2\/"},{"@type":"ListItem","position":3,"name":"Optical Fiber"}]},{"@type":"WebSite","@id":"https:\/\/staging.knillgruppe.com\/#website","url":"https:\/\/staging.knillgruppe.com\/","name":"Knill Group","description":"","potentialAction":[{"@type":"SearchAction","target":{"@type":"EntryPoint","urlTemplate":"https:\/\/staging.knillgruppe.com\/?s={search_term_string}"},"query-input":{"@type":"PropertyValueSpecification","valueRequired":true,"valueName":"search_term_string"}}],"inLanguage":"en-US"}]}},"_links":{"self":[{"href":"https:\/\/staging.knillgruppe.com\/en\/wp-json\/wp\/v2\/pages\/10538","targetHints":{"allow":["GET"]}}],"collection":[{"href":"https:\/\/staging.knillgruppe.com\/en\/wp-json\/wp\/v2\/pages"}],"about":[{"href":"https:\/\/staging.knillgruppe.com\/en\/wp-json\/wp\/v2\/types\/page"}],"author":[{"embeddable":true,"href":"https:\/\/staging.knillgruppe.com\/en\/wp-json\/wp\/v2\/users\/2"}],"replies":[{"embeddable":true,"href":"https:\/\/staging.knillgruppe.com\/en\/wp-json\/wp\/v2\/comments?post=10538"}],"version-history":[{"count":2,"href":"https:\/\/staging.knillgruppe.com\/en\/wp-json\/wp\/v2\/pages\/10538\/revisions"}],"predecessor-version":[{"id":10542,"href":"https:\/\/staging.knillgruppe.com\/en\/wp-json\/wp\/v2\/pages\/10538\/revisions\/10542"}],"up":[{"embeddable":true,"href":"https:\/\/staging.knillgruppe.com\/en\/wp-json\/wp\/v2\/pages\/10548"}],"wp:attachment":[{"href":"https:\/\/staging.knillgruppe.com\/en\/wp-json\/wp\/v2\/media?parent=10538"}],"curies":[{"name":"wp","href":"https:\/\/api.w.org\/{rel}","templated":true}]}}